{"id":189,"date":"2019-02-27T21:59:50","date_gmt":"2019-02-27T20:59:50","guid":{"rendered":"http:\/\/test.aikido-paul-muller.com\/wordpress\/?page_id=189"},"modified":"2020-07-13T22:49:54","modified_gmt":"2020-07-13T20:49:54","slug":"universite-ena","status":"publish","type":"page","link":"https:\/\/test.aikido-paul-muller.com\/wordpress\/universite-ena\/","title":{"rendered":"Universit\u00e9 &#038; ENA"},"content":{"rendered":"\t\t<div data-elementor-type=\"wp-page\" data-elementor-id=\"189\" class=\"elementor elementor-189\" data-elementor-settings=\"[]\">\n\t\t\t\t\t\t<div class=\"elementor-inner\">\n\t\t\t\t\t\t\t<div class=\"elementor-section-wrap\">\n\t\t\t\t\t\t\t<section class=\"elementor-section elementor-top-section elementor-element elementor-element-4560b28 elementor-section-boxed elementor-section-height-default elementor-section-height-default\" data-id=\"4560b28\" data-element_type=\"section\">\n\t\t\t\t\t\t<div class=\"elementor-container elementor-column-gap-default\">\n\t\t\t\t\t\t\t<div class=\"elementor-row\">\n\t\t\t\t\t<div class=\"elementor-column elementor-col-100 elementor-top-column elementor-element elementor-element-129ce6e8\" data-id=\"129ce6e8\" data-element_type=\"column\">\n\t\t\t<div class=\"elementor-column-wrap elementor-element-populated\">\n\t\t\t\t\t\t\t<div class=\"elementor-widget-wrap\">\n\t\t\t\t\t\t<div class=\"elementor-element elementor-element-2720960 elementor-widget elementor-widget-heading\" data-id=\"2720960\" data-element_type=\"widget\" data-widget_type=\"heading.default\">\n\t\t\t\t<div class=\"elementor-widget-container\">\n\t\t\t<h2 class=\"elementor-heading-title elementor-size-default\">Le Service Universitaire des Activit\u00e9s Physiques et Sportives (SUAPS)<\/h2>\t\t<\/div>\n\t\t\t\t<\/div>\n\t\t\t\t<div class=\"elementor-element elementor-element-aef3b24 elementor-widget elementor-widget-text-editor\" data-id=\"aef3b24\" data-element_type=\"widget\" data-widget_type=\"text-editor.default\">\n\t\t\t\t<div class=\"elementor-widget-container\">\n\t\t\t\t\t\t\t\t<div class=\"elementor-text-editor elementor-clearfix\">\n\t\t\t\t\t<p>Le SUAPS assure des cours d&#8217;A\u00efKIDO au niveau initiation depuis de nombreuses ann\u00e9es le mardi soir de 20h \u00e0 22h au Centre sportif Universitaire (CSU),<br \/>1, rue Konrad ROENTGEN &#8211; Esplanade STRASBOURG.<\/p><p>Inscription: site du SUAPS ou \u00e0 l&#8217;accueil du CSU<\/p><p>Ce cours est accessible uniquement aux \u00e9tudiants inscrits r\u00e9guli\u00e8rement \u00e0 cette activit\u00e9, ainsi qu&#8217;au personnel universitaire.<\/p><p><a href=\"http:\/\/test.aikido-paul-muller.com\/wordpress\/wp-content\/uploads\/2020\/07\/Prsentation_de_l_aikido_a_l_ENA_dec_2015.pdf\" target=\"_blank\" rel=\"noopener\">Lire une pr\u00e9sentation de l&#8217;A\u00eekido<\/a><\/p>\t\t\t\t\t<\/div>\n\t\t\t\t\t\t<\/div>\n\t\t\t\t<\/div>\n\t\t\t\t<div class=\"elementor-element elementor-element-8e7c497 elementor-widget elementor-widget-heading\" data-id=\"8e7c497\" data-element_type=\"widget\" data-widget_type=\"heading.default\">\n\t\t\t\t<div class=\"elementor-widget-container\">\n\t\t\t<h2 class=\"elementor-heading-title elementor-size-default\">L'Ecole Nationale d'Administration (ENA)<\/h2>\t\t<\/div>\n\t\t\t\t<\/div>\n\t\t\t\t<div class=\"elementor-element elementor-element-1513fa62 elementor-widget elementor-widget-text-editor\" data-id=\"1513fa62\" data-element_type=\"widget\" data-widget_type=\"text-editor.default\">\n\t\t\t\t<div class=\"elementor-widget-container\">\n\t\t\t\t\t\t\t\t<div class=\"elementor-text-editor elementor-clearfix\">\n\t\t\t\t\t<p>&nbsp;Depuis janvier 2003, les \u00e9tudiants de l&#8217;Ecole Nationale d&#8217;Administration ( ENA) peuvent, parmi les activit\u00e9s physiques et sportives officielles de la formation, pratiquer l&#8217;A\u00efKIDO sous la direction de Paul MULLER.<\/p>\n<p>Premi\u00e8re promo des Enarques A\u00efkidokas (2003) :<\/p>\n<p><img loading=\"lazy\" class=\"alignnone wp-image-191 size-portum-main-slider\" src=\"http:\/\/test.aikido-paul-muller.com\/wordpress\/wp-content\/uploads\/2019\/02\/ENA2003-910x600.jpg\" alt=\"\" width=\"600\" height=\"396\"><\/p>\n<p>Promo 2018 Georges Cl\u00e9menceau :<\/p>\n<p><img loading=\"lazy\" class=\"alignnone wp-image-192\" src=\"http:\/\/test.aikido-paul-muller.com\/wordpress\/wp-content\/uploads\/2019\/02\/ENA2018-300x188.jpg\" alt=\"\" width=\"600\" height=\"376\" srcset=\"https:\/\/test.aikido-paul-muller.com\/wordpress\/wp-content\/uploads\/2019\/02\/ENA2018-300x188.jpg 300w, https:\/\/test.aikido-paul-muller.com\/wordpress\/wp-content\/uploads\/2019\/02\/ENA2018-768x481.jpg 768w, https:\/\/test.aikido-paul-muller.com\/wordpress\/wp-content\/uploads\/2019\/02\/ENA2018.jpg 910w\" sizes=\"(max-width: 600px) 100vw, 600px\" \/><\/p>\n<p><img loading=\"lazy\" class=\"alignnone wp-image-193 size-portum-main-slider\" src=\"http:\/\/test.aikido-paul-muller.com\/wordpress\/wp-content\/uploads\/2019\/02\/ENA2018-2-910x600.jpg\" alt=\"\" width=\"600\" height=\"396\" srcset=\"https:\/\/test.aikido-paul-muller.com\/wordpress\/wp-content\/uploads\/2019\/02\/ENA2018-2-910x600.jpg 910w, https:\/\/test.aikido-paul-muller.com\/wordpress\/wp-content\/uploads\/2019\/02\/ENA2018-2-300x199.jpg 300w\" sizes=\"(max-width: 600px) 100vw, 600px\" \/><\/p>\t\t\t\t\t<\/div>\n\t\t\t\t\t\t<\/div>\n\t\t\t\t<\/div>\n\t\t\t\t\t\t<\/div>\n\t\t\t\t\t<\/div>\n\t\t<\/div>\n\t\t\t\t\t\t\t\t<\/div>\n\t\t\t\t\t<\/div>\n\t\t<\/section>\n\t\t\t\t\t\t<\/div>\n\t\t\t\t\t\t<\/div>\n\t\t\t\t\t<\/div>\n\t\t","protected":false},"excerpt":{"rendered":"<p>Le Service Universitaire des Activit\u00e9s Physiques et Sportives (SUAPS) Le SUAPS assure des cours d&#8217;A\u00efKIDO au niveau initiation depuis de nombreuses ann\u00e9es le mardi soir de 20h \u00e0 22h au [&hellip;]<\/p>\n","protected":false},"author":3,"featured_media":0,"parent":0,"menu_order":0,"comment_status":"closed","ping_status":"closed","template":"","meta":[],"yoast_head":"<!-- This site is optimized with the Yoast SEO plugin v16.2 - https:\/\/yoast.com\/wordpress\/plugins\/seo\/ -->\n<title>Universit\u00e9 &amp; ENA - Strasbourg Universit\u00e9 Club - Paul Muller Sensei<\/title>\n<meta name=\"robots\" content=\"index, follow, max-snippet:-1, max-image-preview:large, max-video-preview:-1\" \/>\n<link rel=\"canonical\" href=\"https:\/\/test.aikido-paul-muller.com\/wordpress\/universite-ena\/\" \/>\n<meta property=\"og:locale\" content=\"en_US\" \/>\n<meta property=\"og:type\" content=\"article\" \/>\n<meta property=\"og:title\" content=\"Universit\u00e9 &amp; ENA - Strasbourg Universit\u00e9 Club - Paul Muller Sensei\" \/>\n<meta property=\"og:description\" content=\"Le Service Universitaire des Activit\u00e9s Physiques et Sportives (SUAPS) Le SUAPS assure des cours d&#8217;A\u00efKIDO au niveau initiation depuis de nombreuses ann\u00e9es le mardi soir de 20h \u00e0 22h au [&hellip;]\" \/>\n<meta property=\"og:url\" content=\"https:\/\/test.aikido-paul-muller.com\/wordpress\/universite-ena\/\" \/>\n<meta property=\"og:site_name\" content=\"Strasbourg Universit\u00e9 Club - Paul Muller Sensei\" \/>\n<meta property=\"article:modified_time\" content=\"2020-07-13T20:49:54+00:00\" \/>\n<meta property=\"og:image\" content=\"http:\/\/test.aikido-paul-muller.com\/wordpress\/wp-content\/uploads\/2019\/02\/ENA2003-910x600.jpg\" \/>\n<meta name=\"twitter:card\" content=\"summary_large_image\" \/>\n<meta name=\"twitter:label1\" content=\"Est. reading time\">\n\t<meta name=\"twitter:data1\" content=\"1 minute\">\n<script type=\"application\/ld+json\" class=\"yoast-schema-graph\">{\"@context\":\"https:\/\/schema.org\",\"@graph\":[{\"@type\":\"WebSite\",\"@id\":\"http:\/\/test.aikido-paul-muller.com\/wordpress\/#website\",\"url\":\"http:\/\/test.aikido-paul-muller.com\/wordpress\/\",\"name\":\"Strasbourg Universit\\u00e9 Club - Paul Muller Sensei\",\"description\":\"A\\u00efkido at University and Nishio Shoji Sensei A\\u00efkido\",\"potentialAction\":[{\"@type\":\"SearchAction\",\"target\":\"http:\/\/test.aikido-paul-muller.com\/wordpress\/?s={search_term_string}\",\"query-input\":\"required name=search_term_string\"}],\"inLanguage\":\"en-US\"},{\"@type\":\"ImageObject\",\"@id\":\"https:\/\/test.aikido-paul-muller.com\/wordpress\/universite-ena\/#primaryimage\",\"inLanguage\":\"en-US\",\"url\":\"http:\/\/test.aikido-paul-muller.com\/wordpress\/wp-content\/uploads\/2019\/02\/ENA2003-910x600.jpg\",\"contentUrl\":\"http:\/\/test.aikido-paul-muller.com\/wordpress\/wp-content\/uploads\/2019\/02\/ENA2003-910x600.jpg\"},{\"@type\":\"WebPage\",\"@id\":\"https:\/\/test.aikido-paul-muller.com\/wordpress\/universite-ena\/#webpage\",\"url\":\"https:\/\/test.aikido-paul-muller.com\/wordpress\/universite-ena\/\",\"name\":\"Universit\\u00e9 & ENA - Strasbourg Universit\\u00e9 Club - Paul Muller Sensei\",\"isPartOf\":{\"@id\":\"http:\/\/test.aikido-paul-muller.com\/wordpress\/#website\"},\"primaryImageOfPage\":{\"@id\":\"https:\/\/test.aikido-paul-muller.com\/wordpress\/universite-ena\/#primaryimage\"},\"datePublished\":\"2019-02-27T20:59:50+00:00\",\"dateModified\":\"2020-07-13T20:49:54+00:00\",\"breadcrumb\":{\"@id\":\"https:\/\/test.aikido-paul-muller.com\/wordpress\/universite-ena\/#breadcrumb\"},\"inLanguage\":\"en-US\",\"potentialAction\":[{\"@type\":\"ReadAction\",\"target\":[\"https:\/\/test.aikido-paul-muller.com\/wordpress\/universite-ena\/\"]}]},{\"@type\":\"BreadcrumbList\",\"@id\":\"https:\/\/test.aikido-paul-muller.com\/wordpress\/universite-ena\/#breadcrumb\",\"itemListElement\":[{\"@type\":\"ListItem\",\"position\":1,\"item\":{\"@type\":\"WebPage\",\"@id\":\"http:\/\/test.aikido-paul-muller.com\/wordpress\/\",\"url\":\"http:\/\/test.aikido-paul-muller.com\/wordpress\/\",\"name\":\"Accueil\"}},{\"@type\":\"ListItem\",\"position\":2,\"item\":{\"@id\":\"https:\/\/test.aikido-paul-muller.com\/wordpress\/universite-ena\/#webpage\"}}]}]}<\/script>\n<!-- \/ Yoast SEO plugin. -->","_links":{"self":[{"href":"https:\/\/test.aikido-paul-muller.com\/wordpress\/wp-json\/wp\/v2\/pages\/189"}],"collection":[{"href":"https:\/\/test.aikido-paul-muller.com\/wordpress\/wp-json\/wp\/v2\/pages"}],"about":[{"href":"https:\/\/test.aikido-paul-muller.com\/wordpress\/wp-json\/wp\/v2\/types\/page"}],"author":[{"embeddable":true,"href":"https:\/\/test.aikido-paul-muller.com\/wordpress\/wp-json\/wp\/v2\/users\/3"}],"replies":[{"embeddable":true,"href":"https:\/\/test.aikido-paul-muller.com\/wordpress\/wp-json\/wp\/v2\/comments?post=189"}],"version-history":[{"count":5,"href":"https:\/\/test.aikido-paul-muller.com\/wordpress\/wp-json\/wp\/v2\/pages\/189\/revisions"}],"predecessor-version":[{"id":542,"href":"https:\/\/test.aikido-paul-muller.com\/wordpress\/wp-json\/wp\/v2\/pages\/189\/revisions\/542"}],"wp:attachment":[{"href":"https:\/\/test.aikido-paul-muller.com\/wordpress\/wp-json\/wp\/v2\/media?parent=189"}],"curies":[{"name":"wp","href":"https:\/\/api.w.org\/{rel}","templated":true}]}}