{"id":481,"date":"2020-07-12T22:14:59","date_gmt":"2020-07-12T20:14:59","guid":{"rendered":"http:\/\/test.aikido-paul-muller.com\/wordpress\/?page_id=481"},"modified":"2020-07-12T22:14:59","modified_gmt":"2020-07-12T20:14:59","slug":"bibliographie","status":"publish","type":"page","link":"https:\/\/test.aikido-paul-muller.com\/wordpress\/bibliographie\/","title":{"rendered":"Bibliographie"},"content":{"rendered":"<h2>Bibliographie pour l\u2019A\u00efkido et son esprit<\/h2>\n<p>L\u2019A\u00efkido, discipline physique et mentale, est une pratique suppos\u00e9e se suffire \u00e0 elle-m\u00eame.<\/p>\n<p>Mais d\u00e8s mes d\u00e9buts en 1963, Nakazono Sensei nous parlait tr\u00e8s souvent de l\u2019esprit et des finalit\u00e9s de la discipline, cela durant les cours, mais aussi en-dehors des Keikos (pratiques) proprement dits.<\/p>\n<p>Voici une bibliographie permettant d&#8217;approcher ces notions (cliquez sur le lien)\u00a0:\u00a0l&#8217;A\u00efkido et son esprit.<\/p>\n","protected":false},"excerpt":{"rendered":"<p>Bibliographie pour l\u2019A\u00efkido et son esprit L\u2019A\u00efkido, discipline physique et mentale, est une pratique suppos\u00e9e se suffire \u00e0 elle-m\u00eame. Mais d\u00e8s mes d\u00e9buts en 1963, Nakazono Sensei nous parlait tr\u00e8s [&hellip;]<\/p>\n","protected":false},"author":2,"featured_media":0,"parent":0,"menu_order":0,"comment_status":"closed","ping_status":"closed","template":"","meta":[],"yoast_head":"<!-- This site is optimized with the Yoast SEO plugin v16.2 - https:\/\/yoast.com\/wordpress\/plugins\/seo\/ -->\n<title>Bibliographie - Strasbourg Universit\u00e9 Club - Paul Muller Sensei<\/title>\n<meta name=\"robots\" content=\"index, follow, max-snippet:-1, max-image-preview:large, max-video-preview:-1\" \/>\n<link rel=\"canonical\" href=\"http:\/\/test.aikido-paul-muller.com\/wordpress\/bibliographie\/\" \/>\n<meta property=\"og:locale\" content=\"en_US\" \/>\n<meta property=\"og:type\" content=\"article\" \/>\n<meta property=\"og:title\" content=\"Bibliographie - Strasbourg Universit\u00e9 Club - Paul Muller Sensei\" \/>\n<meta property=\"og:description\" content=\"Bibliographie pour l\u2019A\u00efkido et son esprit L\u2019A\u00efkido, discipline physique et mentale, est une pratique suppos\u00e9e se suffire \u00e0 elle-m\u00eame. Mais d\u00e8s mes d\u00e9buts en 1963, Nakazono Sensei nous parlait tr\u00e8s [&hellip;]\" \/>\n<meta property=\"og:url\" content=\"http:\/\/test.aikido-paul-muller.com\/wordpress\/bibliographie\/\" \/>\n<meta property=\"og:site_name\" content=\"Strasbourg Universit\u00e9 Club - Paul Muller Sensei\" \/>\n<meta name=\"twitter:card\" content=\"summary_large_image\" \/>\n<script type=\"application\/ld+json\" class=\"yoast-schema-graph\">{\"@context\":\"https:\/\/schema.org\",\"@graph\":[{\"@type\":\"WebSite\",\"@id\":\"http:\/\/test.aikido-paul-muller.com\/wordpress\/#website\",\"url\":\"http:\/\/test.aikido-paul-muller.com\/wordpress\/\",\"name\":\"Strasbourg Universit\\u00e9 Club - Paul Muller Sensei\",\"description\":\"A\\u00efkido at University and Nishio Shoji Sensei A\\u00efkido\",\"potentialAction\":[{\"@type\":\"SearchAction\",\"target\":\"http:\/\/test.aikido-paul-muller.com\/wordpress\/?s={search_term_string}\",\"query-input\":\"required name=search_term_string\"}],\"inLanguage\":\"en-US\"},{\"@type\":\"WebPage\",\"@id\":\"http:\/\/test.aikido-paul-muller.com\/wordpress\/bibliographie\/#webpage\",\"url\":\"http:\/\/test.aikido-paul-muller.com\/wordpress\/bibliographie\/\",\"name\":\"Bibliographie - Strasbourg Universit\\u00e9 Club - Paul Muller Sensei\",\"isPartOf\":{\"@id\":\"http:\/\/test.aikido-paul-muller.com\/wordpress\/#website\"},\"datePublished\":\"2020-07-12T20:14:59+00:00\",\"dateModified\":\"2020-07-12T20:14:59+00:00\",\"breadcrumb\":{\"@id\":\"http:\/\/test.aikido-paul-muller.com\/wordpress\/bibliographie\/#breadcrumb\"},\"inLanguage\":\"en-US\",\"potentialAction\":[{\"@type\":\"ReadAction\",\"target\":[\"http:\/\/test.aikido-paul-muller.com\/wordpress\/bibliographie\/\"]}]},{\"@type\":\"BreadcrumbList\",\"@id\":\"http:\/\/test.aikido-paul-muller.com\/wordpress\/bibliographie\/#breadcrumb\",\"itemListElement\":[{\"@type\":\"ListItem\",\"position\":1,\"item\":{\"@type\":\"WebPage\",\"@id\":\"http:\/\/test.aikido-paul-muller.com\/wordpress\/\",\"url\":\"http:\/\/test.aikido-paul-muller.com\/wordpress\/\",\"name\":\"Accueil\"}},{\"@type\":\"ListItem\",\"position\":2,\"item\":{\"@id\":\"http:\/\/test.aikido-paul-muller.com\/wordpress\/bibliographie\/#webpage\"}}]}]}<\/script>\n<!-- \/ Yoast SEO plugin. -->","_links":{"self":[{"href":"https:\/\/test.aikido-paul-muller.com\/wordpress\/wp-json\/wp\/v2\/pages\/481"}],"collection":[{"href":"https:\/\/test.aikido-paul-muller.com\/wordpress\/wp-json\/wp\/v2\/pages"}],"about":[{"href":"https:\/\/test.aikido-paul-muller.com\/wordpress\/wp-json\/wp\/v2\/types\/page"}],"author":[{"embeddable":true,"href":"https:\/\/test.aikido-paul-muller.com\/wordpress\/wp-json\/wp\/v2\/users\/2"}],"replies":[{"embeddable":true,"href":"https:\/\/test.aikido-paul-muller.com\/wordpress\/wp-json\/wp\/v2\/comments?post=481"}],"version-history":[{"count":1,"href":"https:\/\/test.aikido-paul-muller.com\/wordpress\/wp-json\/wp\/v2\/pages\/481\/revisions"}],"predecessor-version":[{"id":484,"href":"https:\/\/test.aikido-paul-muller.com\/wordpress\/wp-json\/wp\/v2\/pages\/481\/revisions\/484"}],"wp:attachment":[{"href":"https:\/\/test.aikido-paul-muller.com\/wordpress\/wp-json\/wp\/v2\/media?parent=481"}],"curies":[{"name":"wp","href":"https:\/\/api.w.org\/{rel}","templated":true}]}}