{"id":544,"date":"2020-07-13T22:58:09","date_gmt":"2020-07-13T20:58:09","guid":{"rendered":"http:\/\/test.aikido-paul-muller.com\/wordpress\/?page_id=544"},"modified":"2020-07-14T01:06:50","modified_gmt":"2020-07-13T23:06:50","slug":"laikido-a-lascs","status":"publish","type":"page","link":"https:\/\/test.aikido-paul-muller.com\/wordpress\/laikido-a-lascs\/","title":{"rendered":"L&#8217;A\u00efkido \u00e0 l&#8217;ASCS"},"content":{"rendered":"\t\t<div data-elementor-type=\"wp-page\" data-elementor-id=\"544\" class=\"elementor elementor-544\" data-elementor-settings=\"[]\">\n\t\t\t\t\t\t<div class=\"elementor-inner\">\n\t\t\t\t\t\t\t<div class=\"elementor-section-wrap\">\n\t\t\t\t\t\t\t<section class=\"elementor-section elementor-top-section elementor-element elementor-element-db62502 elementor-section-boxed elementor-section-height-default elementor-section-height-default\" data-id=\"db62502\" data-element_type=\"section\">\n\t\t\t\t\t\t<div class=\"elementor-container elementor-column-gap-default\">\n\t\t\t\t\t\t\t<div class=\"elementor-row\">\n\t\t\t\t\t<div class=\"elementor-column elementor-col-100 elementor-top-column elementor-element elementor-element-cb8ecae\" data-id=\"cb8ecae\" data-element_type=\"column\">\n\t\t\t<div class=\"elementor-column-wrap elementor-element-populated\">\n\t\t\t\t\t\t\t<div class=\"elementor-widget-wrap\">\n\t\t\t\t\t\t<div class=\"elementor-element elementor-element-016b842 elementor-widget elementor-widget-heading\" data-id=\"016b842\" data-element_type=\"widget\" data-widget_type=\"heading.default\">\n\t\t\t\t<div class=\"elementor-widget-container\">\n\t\t\t<h2 class=\"elementor-heading-title elementor-size-default\">L'A\u00efkido \u00e0 l'ASCS<\/h2>\t\t<\/div>\n\t\t\t\t<\/div>\n\t\t\t\t<div class=\"elementor-element elementor-element-d01bc83 elementor-widget elementor-widget-text-editor\" data-id=\"d01bc83\" data-element_type=\"widget\" data-widget_type=\"text-editor.default\">\n\t\t\t\t<div class=\"elementor-widget-container\">\n\t\t\t\t\t\t\t\t<div class=\"elementor-text-editor elementor-clearfix\">\n\t\t\t\t\t<p>Association Sportive des Cheminots de Strasbourg &#8211;\u00a0Section A\u00efkido &#8211;<\/p><p>Dojo : 1, rue de la Villette 67100 STRASBOURG Cronenbourg<br \/>(derri\u00e8re IKEA )<\/p><p>Cours <br \/>&#8211; les mercredis : 20h \u2013 21h 30 (A\u00efkido d\u00e9butants et avanc\u00e9s)<br \/><span style=\"font-size: 14px;\">&#8211; les Samedis : 10h 30 \u2013 12h (A\u00efkido d\u00e9butants et avanc\u00e9s)<\/span><\/p>\t\t\t\t\t<\/div>\n\t\t\t\t\t\t<\/div>\n\t\t\t\t<\/div>\n\t\t\t\t<div class=\"elementor-element elementor-element-d7054e0 elementor-widget elementor-widget-image\" data-id=\"d7054e0\" data-element_type=\"widget\" data-widget_type=\"image.default\">\n\t\t\t\t<div class=\"elementor-widget-container\">\n\t\t\t\t\t\t\t\t<div class=\"elementor-image\">\n\t\t\t\t\t\t\t\t\t<figure class=\"wp-caption\">\n\t\t\t\t\t\t\t\t\t\t<img width=\"910\" height=\"613\" src=\"https:\/\/test.aikido-paul-muller.com\/wordpress\/wp-content\/uploads\/2020\/07\/SUAPS.jpg\" class=\"attachment-large size-large\" alt=\"\" loading=\"lazy\" srcset=\"https:\/\/test.aikido-paul-muller.com\/wordpress\/wp-content\/uploads\/2020\/07\/SUAPS.jpg 910w, https:\/\/test.aikido-paul-muller.com\/wordpress\/wp-content\/uploads\/2020\/07\/SUAPS-300x202.jpg 300w, https:\/\/test.aikido-paul-muller.com\/wordpress\/wp-content\/uploads\/2020\/07\/SUAPS-768x517.jpg 768w\" sizes=\"(max-width: 910px) 100vw, 910px\" \/>\t\t\t\t\t\t\t\t\t\t\t<figcaption class=\"widget-image-caption wp-caption-text\">La fine \u00e9quipe en 1979<\/figcaption>\n\t\t\t\t\t\t\t\t\t\t<\/figure>\n\t\t\t\t\t\t\t\t<\/div>\n\t\t\t\t\t\t<\/div>\n\t\t\t\t<\/div>\n\t\t\t\t\t\t<\/div>\n\t\t\t\t\t<\/div>\n\t\t<\/div>\n\t\t\t\t\t\t\t\t<\/div>\n\t\t\t\t\t<\/div>\n\t\t<\/section>\n\t\t\t\t\t\t<\/div>\n\t\t\t\t\t\t<\/div>\n\t\t\t\t\t<\/div>\n\t\t","protected":false},"excerpt":{"rendered":"<p>L&#8217;A\u00efkido \u00e0 l&#8217;ASCS Association Sportive des Cheminots de Strasbourg &#8211;\u00a0Section A\u00efkido &#8211; Dojo : 1, rue de la Villette 67100 STRASBOURG Cronenbourg (derri\u00e8re IKEA ) Cours &#8211; les mercredis : [&hellip;]<\/p>\n","protected":false},"author":2,"featured_media":0,"parent":0,"menu_order":0,"comment_status":"closed","ping_status":"closed","template":"","meta":[],"yoast_head":"<!-- This site is optimized with the Yoast SEO plugin v16.2 - https:\/\/yoast.com\/wordpress\/plugins\/seo\/ -->\n<title>L&#039;A\u00efkido \u00e0 l&#039;ASCS - Strasbourg Universit\u00e9 Club - Paul Muller Sensei<\/title>\n<meta name=\"robots\" content=\"index, follow, max-snippet:-1, max-image-preview:large, max-video-preview:-1\" \/>\n<link rel=\"canonical\" href=\"http:\/\/test.aikido-paul-muller.com\/wordpress\/laikido-a-lascs\/\" \/>\n<meta property=\"og:locale\" content=\"en_US\" \/>\n<meta property=\"og:type\" content=\"article\" \/>\n<meta property=\"og:title\" content=\"L&#039;A\u00efkido \u00e0 l&#039;ASCS - Strasbourg Universit\u00e9 Club - Paul Muller Sensei\" \/>\n<meta property=\"og:description\" content=\"L&#8217;A\u00efkido \u00e0 l&#8217;ASCS Association Sportive des Cheminots de Strasbourg &#8211;\u00a0Section A\u00efkido &#8211; Dojo : 1, rue de la Villette 67100 STRASBOURG Cronenbourg (derri\u00e8re IKEA ) Cours &#8211; les mercredis : [&hellip;]\" \/>\n<meta property=\"og:url\" content=\"http:\/\/test.aikido-paul-muller.com\/wordpress\/laikido-a-lascs\/\" \/>\n<meta property=\"og:site_name\" content=\"Strasbourg Universit\u00e9 Club - Paul Muller Sensei\" \/>\n<meta property=\"article:modified_time\" content=\"2020-07-13T23:06:50+00:00\" \/>\n<meta property=\"og:image\" content=\"http:\/\/test.aikido-paul-muller.com\/wordpress\/wp-content\/uploads\/2020\/07\/SUAPS.jpg\" \/>\n<meta name=\"twitter:card\" content=\"summary_large_image\" \/>\n<script type=\"application\/ld+json\" class=\"yoast-schema-graph\">{\"@context\":\"https:\/\/schema.org\",\"@graph\":[{\"@type\":\"WebSite\",\"@id\":\"http:\/\/test.aikido-paul-muller.com\/wordpress\/#website\",\"url\":\"http:\/\/test.aikido-paul-muller.com\/wordpress\/\",\"name\":\"Strasbourg Universit\\u00e9 Club - Paul Muller Sensei\",\"description\":\"A\\u00efkido at University and Nishio Shoji Sensei A\\u00efkido\",\"potentialAction\":[{\"@type\":\"SearchAction\",\"target\":\"http:\/\/test.aikido-paul-muller.com\/wordpress\/?s={search_term_string}\",\"query-input\":\"required name=search_term_string\"}],\"inLanguage\":\"en-US\"},{\"@type\":\"ImageObject\",\"@id\":\"http:\/\/test.aikido-paul-muller.com\/wordpress\/laikido-a-lascs\/#primaryimage\",\"inLanguage\":\"en-US\",\"url\":\"http:\/\/test.aikido-paul-muller.com\/wordpress\/wp-content\/uploads\/2020\/07\/SUAPS.jpg\",\"contentUrl\":\"http:\/\/test.aikido-paul-muller.com\/wordpress\/wp-content\/uploads\/2020\/07\/SUAPS.jpg\"},{\"@type\":\"WebPage\",\"@id\":\"http:\/\/test.aikido-paul-muller.com\/wordpress\/laikido-a-lascs\/#webpage\",\"url\":\"http:\/\/test.aikido-paul-muller.com\/wordpress\/laikido-a-lascs\/\",\"name\":\"L'A\\u00efkido \\u00e0 l'ASCS - Strasbourg Universit\\u00e9 Club - Paul Muller Sensei\",\"isPartOf\":{\"@id\":\"http:\/\/test.aikido-paul-muller.com\/wordpress\/#website\"},\"primaryImageOfPage\":{\"@id\":\"http:\/\/test.aikido-paul-muller.com\/wordpress\/laikido-a-lascs\/#primaryimage\"},\"datePublished\":\"2020-07-13T20:58:09+00:00\",\"dateModified\":\"2020-07-13T23:06:50+00:00\",\"breadcrumb\":{\"@id\":\"http:\/\/test.aikido-paul-muller.com\/wordpress\/laikido-a-lascs\/#breadcrumb\"},\"inLanguage\":\"en-US\",\"potentialAction\":[{\"@type\":\"ReadAction\",\"target\":[\"http:\/\/test.aikido-paul-muller.com\/wordpress\/laikido-a-lascs\/\"]}]},{\"@type\":\"BreadcrumbList\",\"@id\":\"http:\/\/test.aikido-paul-muller.com\/wordpress\/laikido-a-lascs\/#breadcrumb\",\"itemListElement\":[{\"@type\":\"ListItem\",\"position\":1,\"item\":{\"@type\":\"WebPage\",\"@id\":\"http:\/\/test.aikido-paul-muller.com\/wordpress\/\",\"url\":\"http:\/\/test.aikido-paul-muller.com\/wordpress\/\",\"name\":\"Accueil\"}},{\"@type\":\"ListItem\",\"position\":2,\"item\":{\"@id\":\"http:\/\/test.aikido-paul-muller.com\/wordpress\/laikido-a-lascs\/#webpage\"}}]}]}<\/script>\n<!-- \/ Yoast SEO plugin. -->","_links":{"self":[{"href":"https:\/\/test.aikido-paul-muller.com\/wordpress\/wp-json\/wp\/v2\/pages\/544"}],"collection":[{"href":"https:\/\/test.aikido-paul-muller.com\/wordpress\/wp-json\/wp\/v2\/pages"}],"about":[{"href":"https:\/\/test.aikido-paul-muller.com\/wordpress\/wp-json\/wp\/v2\/types\/page"}],"author":[{"embeddable":true,"href":"https:\/\/test.aikido-paul-muller.com\/wordpress\/wp-json\/wp\/v2\/users\/2"}],"replies":[{"embeddable":true,"href":"https:\/\/test.aikido-paul-muller.com\/wordpress\/wp-json\/wp\/v2\/comments?post=544"}],"version-history":[{"count":4,"href":"https:\/\/test.aikido-paul-muller.com\/wordpress\/wp-json\/wp\/v2\/pages\/544\/revisions"}],"predecessor-version":[{"id":572,"href":"https:\/\/test.aikido-paul-muller.com\/wordpress\/wp-json\/wp\/v2\/pages\/544\/revisions\/572"}],"wp:attachment":[{"href":"https:\/\/test.aikido-paul-muller.com\/wordpress\/wp-json\/wp\/v2\/media?parent=544"}],"curies":[{"name":"wp","href":"https:\/\/api.w.org\/{rel}","templated":true}]}}