{"id":547,"date":"2020-07-13T23:10:03","date_gmt":"2020-07-13T21:10:03","guid":{"rendered":"http:\/\/test.aikido-paul-muller.com\/wordpress\/?page_id=547"},"modified":"2020-07-17T15:16:15","modified_gmt":"2020-07-17T13:16:15","slug":"articles","status":"publish","type":"page","link":"https:\/\/test.aikido-paul-muller.com\/wordpress\/articles\/","title":{"rendered":"Articles"},"content":{"rendered":"\t\t<div data-elementor-type=\"wp-page\" data-elementor-id=\"547\" class=\"elementor elementor-547\" data-elementor-settings=\"[]\">\n\t\t\t\t\t\t<div class=\"elementor-inner\">\n\t\t\t\t\t\t\t<div class=\"elementor-section-wrap\">\n\t\t\t\t\t\t\t<section class=\"elementor-section elementor-top-section elementor-element elementor-element-3c02d88 elementor-section-boxed elementor-section-height-default elementor-section-height-default\" data-id=\"3c02d88\" data-element_type=\"section\">\n\t\t\t\t\t\t<div class=\"elementor-container elementor-column-gap-default\">\n\t\t\t\t\t\t\t<div class=\"elementor-row\">\n\t\t\t\t\t<div class=\"elementor-column elementor-col-100 elementor-top-column elementor-element elementor-element-cd61c83\" data-id=\"cd61c83\" data-element_type=\"column\">\n\t\t\t<div class=\"elementor-column-wrap elementor-element-populated\">\n\t\t\t\t\t\t\t<div class=\"elementor-widget-wrap\">\n\t\t\t\t\t\t<div class=\"elementor-element elementor-element-183a2fd elementor-grid-eael-col-4 elementor-grid-tablet-eael-col-2 elementor-grid-mobile-eael-col-1 elementor-widget elementor-widget-eael-post-grid\" data-id=\"183a2fd\" data-element_type=\"widget\" data-settings=\"{&quot;eael_post_grid_columns&quot;:&quot;eael-col-4&quot;,&quot;eael_post_grid_columns_tablet&quot;:&quot;eael-col-2&quot;,&quot;eael_post_grid_columns_mobile&quot;:&quot;eael-col-1&quot;}\" data-widget_type=\"eael-post-grid.default\">\n\t\t\t\t<div class=\"elementor-widget-container\">\n\t\t\t<div id=\"eael-post-grid-183a2fd\" class=\"eael-post-grid-container\">\n            <div class=\"eael-post-grid eael-post-appender eael-post-appender-183a2fd eael-post-grid-style-default\" data-layout-mode=\"grid\"><article class=\"eael-grid-post eael-post-grid-column\" data-id=\"761\">\n        <div class=\"eael-grid-post-holder\">\n            <div class=\"eael-grid-post-holder-inner\"><div class=\"eael-entry-media\"><div class=\"eael-entry-overlay none\"><i class=\"fas fa-long-arrow-alt-right\" aria-hidden=\"true\"><\/i><a\n                            href=\"https:\/\/test.aikido-paul-muller.com\/wordpress\/lesprit-de-laikido\/\"\n                            \n                            \n                        ><\/a><\/div><div class=\"eael-entry-thumbnail\">\n                                <img src=\"https:\/\/test.aikido-paul-muller.com\/wordpress\/wp-content\/uploads\/2021\/05\/1eb95b1aff59eb9583c5a8550b17d7c5_w910-300x229.jpeg\" alt=\"\">\n                            <\/div><\/div><div class=\"eael-entry-wrapper\"><header class=\"eael-entry-header\"><h2 class=\"eael-entry-title\"><a\n                        class=\"eael-grid-post-link\"\n                        href=\"https:\/\/test.aikido-paul-muller.com\/wordpress\/lesprit-de-laikido\/\"\n                        title=\"L&#8217;esprit de l&#8217;A\u00efkido\"\n                        \n                        \n                        >L&#8217;esprit de l&#8217;A\u00efkido<\/a><\/h2><\/header><div class=\"eael-entry-content\">\n                        <div class=\"eael-grid-post-excerpt\"><p>L&#8217;esprit de l&#8217;A\u00efkido Parmi toutes les disciplines martiales ou sports...<\/p><a\n                            href=\"https:\/\/test.aikido-paul-muller.com\/wordpress\/lesprit-de-laikido\/\"\n                            class=\"eael-post-elements-readmore-btn\"\n                            \n                            \n                            >Lire la suite<\/a><\/div>\n                    <\/div><\/div><\/div>\n        <\/div>\n    <\/article><article class=\"eael-grid-post eael-post-grid-column\" data-id=\"759\">\n        <div class=\"eael-grid-post-holder\">\n            <div class=\"eael-grid-post-holder-inner\"><div class=\"eael-entry-wrapper\"><header class=\"eael-entry-header\"><h2 class=\"eael-entry-title\"><a\n                        class=\"eael-grid-post-link\"\n                        href=\"https:\/\/test.aikido-paul-muller.com\/wordpress\/laikido-au-suc-definition-et-presentation\/\"\n                        title=\"L\u2019AIKIDO au SUC : d\u00e9finition et pr\u00e9sentation\"\n                        \n                        \n                        >L\u2019AIKIDO au SUC : d\u00e9finition et pr\u00e9sentation<\/a><\/h2><\/header><div class=\"eael-entry-content\">\n                        <div class=\"eael-grid-post-excerpt\"><p>L\u2019AIKIDO au SUC. : d\u00e9finition et pr\u00e9sentation Une rapide pr\u00e9sentation\u00a0:...<\/p><a\n                            href=\"https:\/\/test.aikido-paul-muller.com\/wordpress\/laikido-au-suc-definition-et-presentation\/\"\n                            class=\"eael-post-elements-readmore-btn\"\n                            \n                            \n                            >Lire la suite<\/a><\/div>\n                    <\/div><\/div><\/div>\n        <\/div>\n    <\/article><article class=\"eael-grid-post eael-post-grid-column\" data-id=\"751\">\n        <div class=\"eael-grid-post-holder\">\n            <div class=\"eael-grid-post-holder-inner\"><div class=\"eael-entry-media\"><div class=\"eael-entry-overlay none\"><i class=\"fas fa-long-arrow-alt-right\" aria-hidden=\"true\"><\/i><a\n                            href=\"https:\/\/test.aikido-paul-muller.com\/wordpress\/aikido-et-martialite\/\"\n                            \n                            \n                        ><\/a><\/div><div class=\"eael-entry-thumbnail\">\n                                <img src=\"https:\/\/test.aikido-paul-muller.com\/wordpress\/wp-content\/uploads\/2021\/05\/0e1faeb7cb3763ff09ea89379c2c3b2b_w910-300x251.jpeg\" alt=\"\">\n                            <\/div><\/div><div class=\"eael-entry-wrapper\"><header class=\"eael-entry-header\"><h2 class=\"eael-entry-title\"><a\n                        class=\"eael-grid-post-link\"\n                        href=\"https:\/\/test.aikido-paul-muller.com\/wordpress\/aikido-et-martialite\/\"\n                        title=\"A\u00efkido et martialit\u00e9\"\n                        \n                        \n                        >A\u00efkido et martialit\u00e9<\/a><\/h2><\/header><div class=\"eael-entry-content\">\n                        <div class=\"eael-grid-post-excerpt\"><p>A\u00efkido et martialit\u00e9. Une des caract\u00e9ristiques de notre discipline A\u00efkido...<\/p><a\n                            href=\"https:\/\/test.aikido-paul-muller.com\/wordpress\/aikido-et-martialite\/\"\n                            class=\"eael-post-elements-readmore-btn\"\n                            \n                            \n                            >Lire la suite<\/a><\/div>\n                    <\/div><\/div><\/div>\n        <\/div>\n    <\/article><article class=\"eael-grid-post eael-post-grid-column\" data-id=\"745\">\n        <div class=\"eael-grid-post-holder\">\n            <div class=\"eael-grid-post-holder-inner\"><div class=\"eael-entry-media\"><div class=\"eael-entry-overlay none\"><i class=\"fas fa-long-arrow-alt-right\" aria-hidden=\"true\"><\/i><a\n                            href=\"https:\/\/test.aikido-paul-muller.com\/wordpress\/mushin-isshin-zanshin\/\"\n                            \n                            \n                        ><\/a><\/div><div class=\"eael-entry-thumbnail\">\n                                <img src=\"https:\/\/test.aikido-paul-muller.com\/wordpress\/wp-content\/uploads\/2021\/05\/41e285f24541f3a0106bb3e4cebec7b3_w910-300x238.jpeg\" alt=\"\">\n                            <\/div><\/div><div class=\"eael-entry-wrapper\"><header class=\"eael-entry-header\"><h2 class=\"eael-entry-title\"><a\n                        class=\"eael-grid-post-link\"\n                        href=\"https:\/\/test.aikido-paul-muller.com\/wordpress\/mushin-isshin-zanshin\/\"\n                        title=\"Mushin, Isshin, Zanshin\"\n                        \n                        \n                        >Mushin, Isshin, Zanshin<\/a><\/h2><\/header><div class=\"eael-entry-content\">\n                        <div class=\"eael-grid-post-excerpt\"><p>Mushin, Isshin, Zanshin Le terme japonais Zanshin, litt\u00e9ralement le \u00ab\u00a0c\u0153ur...<\/p><a\n                            href=\"https:\/\/test.aikido-paul-muller.com\/wordpress\/mushin-isshin-zanshin\/\"\n                            class=\"eael-post-elements-readmore-btn\"\n                            \n                            \n                            >Lire la suite<\/a><\/div>\n                    <\/div><\/div><\/div>\n        <\/div>\n    <\/article><article class=\"eael-grid-post eael-post-grid-column\" data-id=\"655\">\n        <div class=\"eael-grid-post-holder\">\n            <div class=\"eael-grid-post-holder-inner\"><div class=\"eael-entry-media\"><div class=\"eael-entry-overlay none\"><i class=\"fas fa-long-arrow-alt-right\" aria-hidden=\"true\"><\/i><a\n                            href=\"https:\/\/test.aikido-paul-muller.com\/wordpress\/kamae-la-garde-en-aikido\/\"\n                            \n                            \n                        ><\/a><\/div><div class=\"eael-entry-thumbnail\">\n                                <img src=\"https:\/\/test.aikido-paul-muller.com\/wordpress\/wp-content\/uploads\/2020\/07\/Esprit-aikido-05-1-e1594991283912-300x115.jpg\" alt=\"\">\n                            <\/div><\/div><div class=\"eael-entry-wrapper\"><header class=\"eael-entry-header\"><h2 class=\"eael-entry-title\"><a\n                        class=\"eael-grid-post-link\"\n                        href=\"https:\/\/test.aikido-paul-muller.com\/wordpress\/kamae-la-garde-en-aikido\/\"\n                        title=\"Kamae : la garde en A\u00efkido\"\n                        \n                        \n                        >Kamae : la garde en A\u00efkido<\/a><\/h2><\/header><div class=\"eael-entry-content\">\n                        <div class=\"eael-grid-post-excerpt\"><p>Kamae : la garde en A\u00efkido Le Kamae : utilit\u00e9...<\/p><a\n                            href=\"https:\/\/test.aikido-paul-muller.com\/wordpress\/kamae-la-garde-en-aikido\/\"\n                            class=\"eael-post-elements-readmore-btn\"\n                            \n                            \n                            >Lire la suite<\/a><\/div>\n                    <\/div><\/div><\/div>\n        <\/div>\n    <\/article><article class=\"eael-grid-post eael-post-grid-column\" data-id=\"636\">\n        <div class=\"eael-grid-post-holder\">\n            <div class=\"eael-grid-post-holder-inner\"><div class=\"eael-entry-media\"><div class=\"eael-entry-overlay none\"><i class=\"fas fa-long-arrow-alt-right\" aria-hidden=\"true\"><\/i><a\n                            href=\"https:\/\/test.aikido-paul-muller.com\/wordpress\/deplacements-en-aikido\/\"\n                            \n                            \n                        ><\/a><\/div><div class=\"eael-entry-thumbnail\">\n                                <img src=\"https:\/\/test.aikido-paul-muller.com\/wordpress\/wp-content\/uploads\/2020\/07\/Deplacements-10-1-e1594985289762-300x115.jpg\" alt=\"\">\n                            <\/div><\/div><div class=\"eael-entry-wrapper\"><header class=\"eael-entry-header\"><h2 class=\"eael-entry-title\"><a\n                        class=\"eael-grid-post-link\"\n                        href=\"https:\/\/test.aikido-paul-muller.com\/wordpress\/deplacements-en-aikido\/\"\n                        title=\"D\u00e9placements en A\u00efkido\"\n                        \n                        \n                        >D\u00e9placements en A\u00efkido<\/a><\/h2><\/header><div class=\"eael-entry-content\">\n                        <div class=\"eael-grid-post-excerpt\"><p>D\u00e9placements en A\u00efkido Quel est l\u2019A\u00efkidoka qui n\u2019a jamais entendu...<\/p><a\n                            href=\"https:\/\/test.aikido-paul-muller.com\/wordpress\/deplacements-en-aikido\/\"\n                            class=\"eael-post-elements-readmore-btn\"\n                            \n                            \n                            >Lire la suite<\/a><\/div>\n                    <\/div><\/div><\/div>\n        <\/div>\n    <\/article><article class=\"eael-grid-post eael-post-grid-column\" data-id=\"613\">\n        <div class=\"eael-grid-post-holder\">\n            <div class=\"eael-grid-post-holder-inner\"><div class=\"eael-entry-media\"><div class=\"eael-entry-overlay none\"><i class=\"fas fa-long-arrow-alt-right\" aria-hidden=\"true\"><\/i><a\n                            href=\"https:\/\/test.aikido-paul-muller.com\/wordpress\/aikido-les-maitres-du-passe\/\"\n                            \n                            \n                        ><\/a><\/div><div class=\"eael-entry-thumbnail\">\n                                <img src=\"https:\/\/test.aikido-paul-muller.com\/wordpress\/wp-content\/uploads\/2020\/07\/Maitres-passe\u0301-06-e1594828113262-300x115.jpg\" alt=\"\">\n                            <\/div><\/div><div class=\"eael-entry-wrapper\"><header class=\"eael-entry-header\"><h2 class=\"eael-entry-title\"><a\n                        class=\"eael-grid-post-link\"\n                        href=\"https:\/\/test.aikido-paul-muller.com\/wordpress\/aikido-les-maitres-du-passe\/\"\n                        title=\"A\u00efkido \u2013 Les Ma\u00eetres du pass\u00e9\"\n                        \n                        \n                        >A\u00efkido \u2013 Les Ma\u00eetres du pass\u00e9<\/a><\/h2><\/header><div class=\"eael-entry-content\">\n                        <div class=\"eael-grid-post-excerpt\"><p>A\u00efkido \u2013 Les Ma\u00eetres du pass\u00e9 Par Paul MullerArticle pour...<\/p><a\n                            href=\"https:\/\/test.aikido-paul-muller.com\/wordpress\/aikido-les-maitres-du-passe\/\"\n                            class=\"eael-post-elements-readmore-btn\"\n                            \n                            \n                            >Lire la suite<\/a><\/div>\n                    <\/div><\/div><\/div>\n        <\/div>\n    <\/article><article class=\"eael-grid-post eael-post-grid-column\" data-id=\"606\">\n        <div class=\"eael-grid-post-holder\">\n            <div class=\"eael-grid-post-holder-inner\"><div class=\"eael-entry-wrapper\"><header class=\"eael-entry-header\"><h2 class=\"eael-entry-title\"><a\n                        class=\"eael-grid-post-link\"\n                        href=\"https:\/\/test.aikido-paul-muller.com\/wordpress\/le-detachement-et-la-relaxation\/\"\n                        title=\"Le d\u00e9tachement et la relaxation\"\n                        \n                        \n                        >Le d\u00e9tachement et la relaxation<\/a><\/h2><\/header><div class=\"eael-entry-content\">\n                        <div class=\"eael-grid-post-excerpt\"><p>Le d\u00e9tachement et la relaxation De retour de mon voyage...<\/p><a\n                            href=\"https:\/\/test.aikido-paul-muller.com\/wordpress\/le-detachement-et-la-relaxation\/\"\n                            class=\"eael-post-elements-readmore-btn\"\n                            \n                            \n                            >Lire la suite<\/a><\/div>\n                    <\/div><\/div><\/div>\n        <\/div>\n    <\/article><article class=\"eael-grid-post eael-post-grid-column\" data-id=\"598\">\n        <div class=\"eael-grid-post-holder\">\n            <div class=\"eael-grid-post-holder-inner\"><div class=\"eael-entry-media\"><div class=\"eael-entry-overlay none\"><i class=\"fas fa-long-arrow-alt-right\" aria-hidden=\"true\"><\/i><a\n                            href=\"https:\/\/test.aikido-paul-muller.com\/wordpress\/historique-de-la-ffaaa\/\"\n                            \n                            \n                        ><\/a><\/div><div class=\"eael-entry-thumbnail\">\n                                <img src=\"https:\/\/test.aikido-paul-muller.com\/wordpress\/wp-content\/uploads\/2020\/07\/FFAAA-300x216.jpeg\" alt=\"\">\n                            <\/div><\/div><div class=\"eael-entry-wrapper\"><header class=\"eael-entry-header\"><h2 class=\"eael-entry-title\"><a\n                        class=\"eael-grid-post-link\"\n                        href=\"https:\/\/test.aikido-paul-muller.com\/wordpress\/historique-de-la-ffaaa\/\"\n                        title=\"Historique de la FFAAA\"\n                        \n                        \n                        >Historique de la FFAAA<\/a><\/h2><\/header><div class=\"eael-entry-content\">\n                        <div class=\"eael-grid-post-excerpt\"><p>Quelques lignes \u00e0 l&#8217;occasion du 30\u00e8me anniversaire de la FFAAA...<\/p><a\n                            href=\"https:\/\/test.aikido-paul-muller.com\/wordpress\/historique-de-la-ffaaa\/\"\n                            class=\"eael-post-elements-readmore-btn\"\n                            \n                            \n                            >Lire la suite<\/a><\/div>\n                    <\/div><\/div><\/div>\n        <\/div>\n    <\/article><article class=\"eael-grid-post eael-post-grid-column\" data-id=\"344\">\n        <div class=\"eael-grid-post-holder\">\n            <div class=\"eael-grid-post-holder-inner\"><div class=\"eael-entry-media\"><div class=\"eael-entry-overlay none\"><i class=\"fas fa-long-arrow-alt-right\" aria-hidden=\"true\"><\/i><a\n                            href=\"https:\/\/test.aikido-paul-muller.com\/wordpress\/historique-aikido\/\"\n                            \n                            \n                        ><\/a><\/div><div class=\"eael-entry-thumbnail\">\n                                <img src=\"https:\/\/test.aikido-paul-muller.com\/wordpress\/wp-content\/uploads\/2019\/03\/Morihei-Ueshiba-245x300.jpg\" alt=\"\">\n                            <\/div><\/div><div class=\"eael-entry-wrapper\"><header class=\"eael-entry-header\"><h2 class=\"eael-entry-title\"><a\n                        class=\"eael-grid-post-link\"\n                        href=\"https:\/\/test.aikido-paul-muller.com\/wordpress\/historique-aikido\/\"\n                        title=\"Historique de l&#8217;A\u00efkido\"\n                        \n                        \n                        >Historique de l&#8217;A\u00efkido<\/a><\/h2><\/header><div class=\"eael-entry-content\">\n                        <div class=\"eael-grid-post-excerpt\"><p>Origine L\u2019A\u00efKIDO se d\u00e9finit comme un art martial, d\u2019origine Japonaise,...<\/p><a\n                            href=\"https:\/\/test.aikido-paul-muller.com\/wordpress\/historique-aikido\/\"\n                            class=\"eael-post-elements-readmore-btn\"\n                            \n                            \n                            >Lire la suite<\/a><\/div>\n                    <\/div><\/div><\/div>\n        <\/div>\n    <\/article><\/div>\n            <div class=\"clearfix\"><\/div>\n        <\/div>\t\t<\/div>\n\t\t\t\t<\/div>\n\t\t\t\t\t\t<\/div>\n\t\t\t\t\t<\/div>\n\t\t<\/div>\n\t\t\t\t\t\t\t\t<\/div>\n\t\t\t\t\t<\/div>\n\t\t<\/section>\n\t\t\t\t\t\t<\/div>\n\t\t\t\t\t\t<\/div>\n\t\t\t\t\t<\/div>\n\t\t","protected":false},"excerpt":{"rendered":"<p>Kamae : la garde en A\u00efkido Kamae : la garde en A\u00efkido Le Kamae : utilit\u00e9&#8230; Lire la suite D\u00e9placements en A\u00efkido D\u00e9placements en A\u00efkido Quel est l\u2019A\u00efkidoka qui n\u2019a [&hellip;]<\/p>\n","protected":false},"author":2,"featured_media":0,"parent":0,"menu_order":0,"comment_status":"closed","ping_status":"closed","template":"","meta":[],"yoast_head":"<!-- This site is optimized with the Yoast SEO plugin v16.2 - https:\/\/yoast.com\/wordpress\/plugins\/seo\/ -->\n<title>Articles - Strasbourg Universit\u00e9 Club - Paul Muller Sensei<\/title>\n<meta name=\"robots\" content=\"index, follow, max-snippet:-1, max-image-preview:large, max-video-preview:-1\" \/>\n<link rel=\"canonical\" href=\"http:\/\/test.aikido-paul-muller.com\/wordpress\/articles\/\" \/>\n<meta property=\"og:locale\" content=\"en_US\" \/>\n<meta property=\"og:type\" content=\"article\" \/>\n<meta property=\"og:title\" content=\"Articles - Strasbourg Universit\u00e9 Club - Paul Muller Sensei\" \/>\n<meta property=\"og:description\" content=\"Kamae : la garde en A\u00efkido Kamae : la garde en A\u00efkido Le Kamae : utilit\u00e9&#8230; Lire la suite D\u00e9placements en A\u00efkido D\u00e9placements en A\u00efkido Quel est l\u2019A\u00efkidoka qui n\u2019a [&hellip;]\" \/>\n<meta property=\"og:url\" content=\"http:\/\/test.aikido-paul-muller.com\/wordpress\/articles\/\" \/>\n<meta property=\"og:site_name\" content=\"Strasbourg Universit\u00e9 Club - Paul Muller Sensei\" \/>\n<meta property=\"article:modified_time\" content=\"2020-07-17T13:16:15+00:00\" \/>\n<meta property=\"og:image\" content=\"http:\/\/test.aikido-paul-muller.com\/wordpress\/wp-content\/uploads\/2020\/07\/Esprit-aikido-05-1-e1594991283912-300x115.jpg\" \/>\n<meta name=\"twitter:card\" content=\"summary_large_image\" \/>\n<script type=\"application\/ld+json\" class=\"yoast-schema-graph\">{\"@context\":\"https:\/\/schema.org\",\"@graph\":[{\"@type\":\"WebSite\",\"@id\":\"http:\/\/test.aikido-paul-muller.com\/wordpress\/#website\",\"url\":\"http:\/\/test.aikido-paul-muller.com\/wordpress\/\",\"name\":\"Strasbourg Universit\\u00e9 Club - Paul Muller Sensei\",\"description\":\"A\\u00efkido at University and Nishio Shoji Sensei A\\u00efkido\",\"potentialAction\":[{\"@type\":\"SearchAction\",\"target\":\"http:\/\/test.aikido-paul-muller.com\/wordpress\/?s={search_term_string}\",\"query-input\":\"required name=search_term_string\"}],\"inLanguage\":\"en-US\"},{\"@type\":\"ImageObject\",\"@id\":\"http:\/\/test.aikido-paul-muller.com\/wordpress\/articles\/#primaryimage\",\"inLanguage\":\"en-US\",\"url\":\"http:\/\/test.aikido-paul-muller.com\/wordpress\/wp-content\/uploads\/2020\/07\/Esprit-aikido-05-1-e1594991283912-300x115.jpg\",\"contentUrl\":\"http:\/\/test.aikido-paul-muller.com\/wordpress\/wp-content\/uploads\/2020\/07\/Esprit-aikido-05-1-e1594991283912-300x115.jpg\"},{\"@type\":\"WebPage\",\"@id\":\"http:\/\/test.aikido-paul-muller.com\/wordpress\/articles\/#webpage\",\"url\":\"http:\/\/test.aikido-paul-muller.com\/wordpress\/articles\/\",\"name\":\"Articles - Strasbourg Universit\\u00e9 Club - Paul Muller Sensei\",\"isPartOf\":{\"@id\":\"http:\/\/test.aikido-paul-muller.com\/wordpress\/#website\"},\"primaryImageOfPage\":{\"@id\":\"http:\/\/test.aikido-paul-muller.com\/wordpress\/articles\/#primaryimage\"},\"datePublished\":\"2020-07-13T21:10:03+00:00\",\"dateModified\":\"2020-07-17T13:16:15+00:00\",\"breadcrumb\":{\"@id\":\"http:\/\/test.aikido-paul-muller.com\/wordpress\/articles\/#breadcrumb\"},\"inLanguage\":\"en-US\",\"potentialAction\":[{\"@type\":\"ReadAction\",\"target\":[\"http:\/\/test.aikido-paul-muller.com\/wordpress\/articles\/\"]}]},{\"@type\":\"BreadcrumbList\",\"@id\":\"http:\/\/test.aikido-paul-muller.com\/wordpress\/articles\/#breadcrumb\",\"itemListElement\":[{\"@type\":\"ListItem\",\"position\":1,\"item\":{\"@type\":\"WebPage\",\"@id\":\"http:\/\/test.aikido-paul-muller.com\/wordpress\/\",\"url\":\"http:\/\/test.aikido-paul-muller.com\/wordpress\/\",\"name\":\"Accueil\"}},{\"@type\":\"ListItem\",\"position\":2,\"item\":{\"@id\":\"http:\/\/test.aikido-paul-muller.com\/wordpress\/articles\/#webpage\"}}]}]}<\/script>\n<!-- \/ Yoast SEO plugin. -->","_links":{"self":[{"href":"https:\/\/test.aikido-paul-muller.com\/wordpress\/wp-json\/wp\/v2\/pages\/547"}],"collection":[{"href":"https:\/\/test.aikido-paul-muller.com\/wordpress\/wp-json\/wp\/v2\/pages"}],"about":[{"href":"https:\/\/test.aikido-paul-muller.com\/wordpress\/wp-json\/wp\/v2\/types\/page"}],"author":[{"embeddable":true,"href":"https:\/\/test.aikido-paul-muller.com\/wordpress\/wp-json\/wp\/v2\/users\/2"}],"replies":[{"embeddable":true,"href":"https:\/\/test.aikido-paul-muller.com\/wordpress\/wp-json\/wp\/v2\/comments?post=547"}],"version-history":[{"count":4,"href":"https:\/\/test.aikido-paul-muller.com\/wordpress\/wp-json\/wp\/v2\/pages\/547\/revisions"}],"predecessor-version":[{"id":669,"href":"https:\/\/test.aikido-paul-muller.com\/wordpress\/wp-json\/wp\/v2\/pages\/547\/revisions\/669"}],"wp:attachment":[{"href":"https:\/\/test.aikido-paul-muller.com\/wordpress\/wp-json\/wp\/v2\/media?parent=547"}],"curies":[{"name":"wp","href":"https:\/\/api.w.org\/{rel}","templated":true}]}}